{"id":7,"date":"2019-10-07T10:28:33","date_gmt":"2019-10-07T10:28:33","guid":{"rendered":"https:\/\/www.tilkasten-varrinsukuseura.fi\/tvss\/?page_id=7"},"modified":"2023-11-26T20:24:30","modified_gmt":"2023-11-26T18:24:30","slug":"etusivu","status":"publish","type":"page","link":"https:\/\/www.tilkasten-varrinsukuseura.fi\/","title":{"rendered":"Etusivu"},"content":{"rendered":"<div id=\"pl-gb7-69d3d8ca38f52\"  class=\"panel-layout\" ><div id=\"pg-gb7-69d3d8ca38f52-0\"  class=\"panel-grid panel-no-style\" ><div id=\"pgc-gb7-69d3d8ca38f52-0-0\"  class=\"panel-grid-cell\" ><div id=\"panel-gb7-69d3d8ca38f52-0-0-0\" class=\"so-panel widget widget_sow-image panel-first-child panel-last-child\" data-index=\"0\" ><div\n\t\t\t\n\t\t\tclass=\"so-widget-sow-image so-widget-sow-image-default-8b5b6f678277-7\"\n\t\t\t\n\t\t><\/div><\/div><\/div><\/div><\/div>\n\n<div id=\"pl-gb7-69d3d8ca3995c\"  class=\"panel-layout\" ><div id=\"pg-gb7-69d3d8ca3995c-0\"  class=\"panel-grid panel-has-style\" ><div class=\"fpImageContainer panel-row-style panel-row-style-for-gb7-69d3d8ca3995c-0\" ><div id=\"pgc-gb7-69d3d8ca3995c-0-0\"  class=\"panel-grid-cell\" ><div id=\"panel-gb7-69d3d8ca3995c-0-0-0\" class=\"so-panel widget widget_sow-image panel-first-child panel-last-child\" data-index=\"0\" ><div\n\t\t\t\n\t\t\tclass=\"so-widget-sow-image so-widget-sow-image-default-8b5b6f678277-7\"\n\t\t\t\n\t\t>\n<div class=\"sow-image-container\">\n\t\t<img \n\tsrc=\"https:\/\/www.tilkasten-varrinsukuseura.fi\/wp-content\/uploads\/2019\/12\/WebEtusivu1.jpg\" width=\"1600\" height=\"521\" srcset=\"https:\/\/www.tilkasten-varrinsukuseura.fi\/wp-content\/uploads\/2019\/12\/WebEtusivu1.jpg 1600w, https:\/\/www.tilkasten-varrinsukuseura.fi\/wp-content\/uploads\/2019\/12\/WebEtusivu1-300x98.jpg 300w, https:\/\/www.tilkasten-varrinsukuseura.fi\/wp-content\/uploads\/2019\/12\/WebEtusivu1-1024x333.jpg 1024w, https:\/\/www.tilkasten-varrinsukuseura.fi\/wp-content\/uploads\/2019\/12\/WebEtusivu1-768x250.jpg 768w, https:\/\/www.tilkasten-varrinsukuseura.fi\/wp-content\/uploads\/2019\/12\/WebEtusivu1-1536x500.jpg 1536w\" sizes=\"(max-width: 1600px) 100vw, 1600px\" alt=\"\" \t\tclass=\"so-widget-image\"\/>\n\t<\/div>\n\n<\/div><\/div><\/div><\/div><\/div><\/div>\n\n<div id=\"pl-gb7-69d3d8ca3a84a\"  class=\"panel-layout\" ><div id=\"pg-gb7-69d3d8ca3a84a-0\"  class=\"panel-grid panel-has-style\" ><div class=\"panel-row-style panel-row-style-for-gb7-69d3d8ca3a84a-0\" ><div id=\"pgc-gb7-69d3d8ca3a84a-0-0\"  class=\"panel-grid-cell\" ><div id=\"panel-gb7-69d3d8ca3a84a-0-0-0\" class=\"so-panel widget widget_sow-editor panel-first-child panel-last-child\" data-index=\"0\" ><div class=\"fpBox bgColor13a panel-widget-style panel-widget-style-for-gb7-69d3d8ca3a84a-0-0-0\" ><div\n\t\t\t\n\t\t\tclass=\"so-widget-sow-editor so-widget-sow-editor-base\"\n\t\t\t\n\t\t><h3 class=\"widget-title\">SUKUSEURA<\/h3>\n<div class=\"siteorigin-widget-tinymce textwidget\">\n\t<p>Tilkasten ja V\u00e4rrin suvut ovat vanhoja varsinais-suomalaisia talonpoikaissukuja. Sukuseuran nimen juuret juontuvat 1500-luvulle Karinaisiin (nykyinen P\u00f6yty\u00e4) kahteen taloon, jotka kuuluivat luultavasti samaan kantatilaan. Ensimm\u00e4isen vuonna 1540 laaditun maakirjan mukaan kantatila oli jaettu kahdeksi eri taloksi ja kyl\u00e4ksi.<\/p>\n<p class=\"centered\"><a class=\"linkButton\" href=\"https:\/\/www.tilkasten-varrinsukuseura.fi\/?page_id=9\">Lue lis\u00e4\u00e4<\/a><\/p>\n<\/div>\n<\/div><\/div><\/div><\/div><div id=\"pgc-gb7-69d3d8ca3a84a-0-1\"  class=\"panel-grid-cell\" ><div id=\"panel-gb7-69d3d8ca3a84a-0-1-0\" class=\"so-panel widget widget_sow-editor panel-first-child panel-last-child\" data-index=\"1\" ><div class=\"fpBox bgColor13b fpBordered panel-widget-style panel-widget-style-for-gb7-69d3d8ca3a84a-0-1-0\" ><div\n\t\t\t\n\t\t\tclass=\"so-widget-sow-editor so-widget-sow-editor-base\"\n\t\t\t\n\t\t><h3 class=\"widget-title\">LIITY J\u00c4SENEKSI<\/h3>\n<div class=\"siteorigin-widget-tinymce textwidget\">\n\t<p>L\u00e4hde seikkailulle sukusi juurille. Voit solmia kontakteja uusiin sukulaisiisi sek\u00e4 l\u00f6yt\u00e4\u00e4 vanhat tuttavasi joka toinen vuosi j\u00e4rjestett\u00e4viss\u00e4 sukukokouksissa. Yhteisill\u00e4 retkill\u00e4 tutustumme sukumme entisiin ja nykyisiin kulttuuripersooniin ja sukuamme kiinnostaviin kohteisiin.<\/p>\n<p class=\"centered\"><a class=\"linkButton\" href=\"https:\/\/www.tilkasten-varrinsukuseura.fi\/?page_id=13\">Lue lis\u00e4\u00e4<\/a><\/p>\n<\/div>\n<\/div><\/div><\/div><\/div><div id=\"pgc-gb7-69d3d8ca3a84a-0-2\"  class=\"panel-grid-cell\" ><div id=\"panel-gb7-69d3d8ca3a84a-0-2-0\" class=\"so-panel widget widget_sow-editor panel-first-child panel-last-child\" data-index=\"2\" ><div class=\"fpBox bgColor13c panel-widget-style panel-widget-style-for-gb7-69d3d8ca3a84a-0-2-0\" ><div\n\t\t\t\n\t\t\tclass=\"so-widget-sow-editor so-widget-sow-editor-base\"\n\t\t\t\n\t\t><h3 class=\"widget-title\">Ajankohtaista<\/h3>\n<div class=\"siteorigin-widget-tinymce textwidget\">\n\t<p>Sukuseura j\u00e4rjest\u00e4\u00e4 suku- ja vuosikoukouksia, retki\u00e4 mielenkiintoisiin kohteisiin, elokuvan\u00e4yt\u00f6ksi\u00e4, kilpailuja yms. Lue lis\u00e4\u00e4 n\u00e4ist\u00e4 ja muista aiheista sivujemme ajankohtaista-sivulta.<\/p>\n<p class=\"centered\"><a class=\"linkButton\" href=\"https:\/\/www.tilkasten-varrinsukuseura.fi\/?page_id=11\">Lue lis\u00e4\u00e4<\/a><\/p>\n<\/div>\n<\/div><\/div><\/div><\/div><\/div><\/div><div id=\"pg-gb7-69d3d8ca3a84a-1\"  class=\"panel-grid panel-has-style\" ><div class=\"contentContainer panel-row-style panel-row-style-for-gb7-69d3d8ca3a84a-1\" ><div id=\"pgc-gb7-69d3d8ca3a84a-1-0\"  class=\"panel-grid-cell\" ><div id=\"panel-gb7-69d3d8ca3a84a-1-0-0\" class=\"so-panel widget widget_sow-editor panel-first-child panel-last-child\" data-index=\"3\" ><div class=\"textContainer panel-widget-style panel-widget-style-for-gb7-69d3d8ca3a84a-1-0-0\" ><div\n\t\t\t\n\t\t\tclass=\"so-widget-sow-editor so-widget-sow-editor-base\"\n\t\t\t\n\t\t><h3 class=\"widget-title\">Tervetuloa tutustumaan Tilkasten-V\u00e4rrin sukuseuraan<\/h3>\n<div class=\"siteorigin-widget-tinymce textwidget\">\n\t<div>\n<p><strong>Tilkasten ja V\u00e4rrin suvut<\/strong> ovat vanhoja varsinais-suomalaisia talonpoikaissukuja. Sukuseuran nimen juuret juontuvat 1500-luvulle Karinaisiin (nykyinen P\u00f6yty\u00e4) kahteen taloon, jotka kuuluivat luultavasti samaan kantatilaan. Ensimm\u00e4isen vuonna 1540 laaditun maakirjan mukaan kantatila oli jaettu kahdeksi eri taloksi ja kyl\u00e4ksi.<\/p>\n<p><strong>Tilkasten-V\u00e4rrin sukuseura ry<\/strong> on perustettu 1983. Seuran kotipaikka on P\u00f6yty\u00e4n kunta. Seuran tarkoituksena on toimia yhdyssiteen\u00e4 kaksien 1800-luvun alkupuolella kesken\u00e4\u00e4n avioituneiden sisarusten: Tilkasten Matti Antinpojan ja Leena Antintytt\u00e4ren sek\u00e4 heid\u00e4n puolisojensa V\u00e4rrin Mikko Mikonpojan ja Liisa Mikontytt\u00e4ren j\u00e4lkel\u00e4isten\u00a0 kesken. Kummallekin avioparille syntyi kahdeksan aikuiseksi el\u00e4nytt\u00e4 lasta, joista yhteens\u00e4 15 lapsella on j\u00e4lkel\u00e4isi\u00e4. N\u00e4m\u00e4 15 lasta, jotka vartuttuaan muuttivat l\u00e4hipit\u00e4jiin, sukuseura katsoo muodostavan Tilkasten-V\u00e4rrin suvun 15 p\u00e4\u00e4sukuhaaraa.\u00a0 Nyky\u00e4\u00e4n sukuseurassa on noin 500 j\u00e4sent\u00e4.<\/p>\n<\/div>\n<\/div>\n<\/div><\/div><\/div><\/div><div id=\"pgc-gb7-69d3d8ca3a84a-1-1\"  class=\"panel-grid-cell\" ><div id=\"panel-gb7-69d3d8ca3a84a-1-1-0\" class=\"so-panel widget widget_sow-editor panel-first-child panel-last-child\" data-index=\"4\" ><div class=\"sidePanel panel-widget-style panel-widget-style-for-gb7-69d3d8ca3a84a-1-1-0\" ><div\n\t\t\t\n\t\t\tclass=\"so-widget-sow-editor so-widget-sow-editor-base\"\n\t\t\t\n\t\t>\n<div class=\"siteorigin-widget-tinymce textwidget\">\n\t<p><img loading=\"lazy\" decoding=\"async\" width=\"465\" height=\"425\" class=\"aligncenter wp-image-136 size-full\" src=\"https:\/\/www.tilkasten-varrinsukuseura.fi\/tvss\/wp-content\/uploads\/2019\/10\/sukupuu.png\" alt=\"\" style=\"width: 100%; height: auto;\" srcset=\"https:\/\/www.tilkasten-varrinsukuseura.fi\/wp-content\/uploads\/2019\/10\/sukupuu.png 465w, https:\/\/www.tilkasten-varrinsukuseura.fi\/wp-content\/uploads\/2019\/10\/sukupuu-300x274.png 300w\" sizes=\"auto, (max-width: 465px) 100vw, 465px\" \/><\/p>\n<\/div>\n<\/div><\/div><\/div><\/div><\/div><\/div><div id=\"pg-gb7-69d3d8ca3a84a-2\"  class=\"panel-grid panel-has-style\" ><div class=\"fpImageContainer panel-row-style panel-row-style-for-gb7-69d3d8ca3a84a-2\" ><div id=\"pgc-gb7-69d3d8ca3a84a-2-0\"  class=\"panel-grid-cell\" ><div id=\"panel-gb7-69d3d8ca3a84a-2-0-0\" class=\"so-panel widget widget_sow-image panel-first-child panel-last-child\" data-index=\"5\" ><div\n\t\t\t\n\t\t\tclass=\"so-widget-sow-image so-widget-sow-image-default-8b5b6f678277-7\"\n\t\t\t\n\t\t>\n<div class=\"sow-image-container\">\n\t\t<img \n\tsrc=\"https:\/\/www.tilkasten-varrinsukuseura.fi\/wp-content\/uploads\/2019\/12\/WebEtusivu2.jpg\" width=\"1600\" height=\"521\" srcset=\"https:\/\/www.tilkasten-varrinsukuseura.fi\/wp-content\/uploads\/2019\/12\/WebEtusivu2.jpg 1600w, https:\/\/www.tilkasten-varrinsukuseura.fi\/wp-content\/uploads\/2019\/12\/WebEtusivu2-300x98.jpg 300w, https:\/\/www.tilkasten-varrinsukuseura.fi\/wp-content\/uploads\/2019\/12\/WebEtusivu2-1024x333.jpg 1024w, https:\/\/www.tilkasten-varrinsukuseura.fi\/wp-content\/uploads\/2019\/12\/WebEtusivu2-768x250.jpg 768w, https:\/\/www.tilkasten-varrinsukuseura.fi\/wp-content\/uploads\/2019\/12\/WebEtusivu2-1536x500.jpg 1536w\" sizes=\"(max-width: 1600px) 100vw, 1600px\" alt=\"\" \t\tclass=\"so-widget-image\"\/>\n\t<\/div>\n\n<\/div><\/div><\/div><\/div><\/div><div id=\"pg-gb7-69d3d8ca3a84a-3\"  class=\"panel-grid panel-has-style\" ><div class=\"contentContainer panel-row-style panel-row-style-for-gb7-69d3d8ca3a84a-3\" ><div id=\"pgc-gb7-69d3d8ca3a84a-3-0\"  class=\"panel-grid-cell\" ><div id=\"panel-gb7-69d3d8ca3a84a-3-0-0\" class=\"so-panel widget widget_sow-editor panel-first-child panel-last-child\" data-index=\"6\" ><div class=\"textContainer panel-widget-style panel-widget-style-for-gb7-69d3d8ca3a84a-3-0-0\" ><div\n\t\t\t\n\t\t\tclass=\"so-widget-sow-editor so-widget-sow-editor-base\"\n\t\t\t\n\t\t>\n<div class=\"siteorigin-widget-tinymce textwidget\">\n\t<div>\n<p>L\u00e4hde seikkailulle sukusi juurille. Meit\u00e4 Tilkasten-V\u00e4rrin sukuun kuuluvia on kaiken kaikkiaan arviolta 7 000, joista elossa olevia arviolta 4 000 ja n\u00e4ist\u00e4 sukuseuran j\u00e4seni\u00e4 on noin 400. Voit solmia kontakteja uusiin sukulaisiisi sek\u00e4 l\u00f6yt\u00e4\u00e4 vanhat tuttavasi joka toinen vuosi j\u00e4rjestett\u00e4viss\u00e4 sukukokouksissa. Yhteisill\u00e4 retkill\u00e4 tutustumme sukumme entisiin ja nykyisiin kulttuuripersooniin ja sukuamme kiinnostaviin kohteisiin. J\u00e4senkirjeitse saat tietoa sukuseuran toiminnasta. Voit my\u00f6s tulla mukaan toimintaamme kehitt\u00e4m\u00e4\u00e4n sukuseurastamme entist\u00e4kin vire\u00e4mm\u00e4n.<\/p>\n<p>Yhdistyksen j\u00e4seneksi voivat liitty\u00e4 15 vuotta t\u00e4ytt\u00e4neet suvun j\u00e4senet, jotka ovat Tilkasten Matin ja V\u00e4rrin Liisan tai V\u00e4rrin Mikon ja Tilkasten Leenan j\u00e4lkel\u00e4isi\u00e4 tai ottolapsia tai heid\u00e4n puolisojaan. Sukuseuran hallitus hyv\u00e4ksyy j\u00e4senet.\u00a0 Tarkempaa tietoa j\u00e4senyydest\u00e4 l\u00f6yd\u00e4t s\u00e4\u00e4nt\u00f6jen 4 \u00a7:st\u00e4.<\/p>\n<p>J\u00e4senmaksu on 12 \u20ac \/ vuosi. J\u00e4senmaksusta p\u00e4\u00e4tt\u00e4\u00e4 sukuseuran vuosikokous. J\u00e4senmaksu laskutetaan vuosittain. Mik\u00e4li j\u00e4senmaksu j\u00e4\u00e4 maksamatta kaksi kertaa per\u00e4kk\u00e4in, henkil\u00f6 poistetaan j\u00e4senluettelosta. Osoitteenmuutoksista aiheutuu usein ongelmia, joten muistathan ilmoittaa muuttuneet osoitetietosi sivuilta l\u00f6ytyv\u00e4ll\u00e4 lomakkeella.<\/p>\n<p>Sukuseuran hallitus pit\u00e4\u00e4 j\u00e4senluetteloa. Liitteen\u00e4 henkil\u00f6tietolain mukaiset\u00a0<a href=\"http:\/\/www.tilkasten-varrinsukuseura.fi\/files\/image\/TVjasenrekisteriseloste.pdf\">j\u00e4senrekisteriseloste<\/a>\u00a0ja\u00a0<a href=\"http:\/\/www.tilkasten-varrinsukuseura.fi\/files\/image\/TVsukututkimusrekisteriseloste.pdf\">sukututkimusrekisteriseloste<\/a>.<\/p>\n<\/div>\n<div class=\"\">\n<p class=\"caption\">Kuvituksissa tunnettuja suvun j\u00e4seni\u00e4:<br \/>\nYl\u00e4kuvassa vasemmalta n\u00e4yttelij\u00e4 Lauri Tilkanen (1987\u2013), kirjailija Tiina Nopola (1955\u2013), kirjailija Sinikka Nopola (1953\u20132021), kuvanveist\u00e4j\u00e4 Yrj\u00f6 Liipola (1881\u20131971) ja kuvanveist\u00e4j\u00e4 W\u00e4in\u00f6 Aaltonen (1894\u20131966). Alakuvassa vasemmalta l\u00e4\u00e4k\u00e4ri ja poliitikko Eeva Kuuskoski (1946\u2013), kuvanveist\u00e4j\u00e4 Aarre Aaltonen (1889\u20131980), maanviljelij\u00e4 ja kirkkov\u00e4\u00e4rti Juho Matinpoika Tilkanen (1819\u20131892), poliitikko Marjatta V\u00e4\u00e4n\u00e4nen (1923\u20132020) sek\u00e4 sarjakuvapiirt\u00e4j\u00e4 Jussi \u201dJuba\u201d Tuomola (1965\u2013).<\/p>\n<\/div>\n<\/div>\n<\/div><\/div><\/div><\/div><div id=\"pgc-gb7-69d3d8ca3a84a-3-1\"  class=\"panel-grid-cell\" ><div id=\"panel-gb7-69d3d8ca3a84a-3-1-0\" class=\"so-panel widget widget_sow-editor panel-first-child panel-last-child\" data-index=\"7\" ><div class=\"sidePanel panel-widget-style panel-widget-style-for-gb7-69d3d8ca3a84a-3-1-0\" ><div\n\t\t\t\n\t\t\tclass=\"so-widget-sow-editor so-widget-sow-editor-base\"\n\t\t\t\n\t\t>\n<div class=\"siteorigin-widget-tinymce textwidget\">\n\t<h2>Ajankohtaista<\/h2>\n<ul class=\"lcp_catlist\" id=\"lcp_instance_0\"><li><a href=\"https:\/\/www.tilkasten-varrinsukuseura.fi\/?p=669\">Ota p\u00e4iv\u00e4m\u00e4\u00e4r\u00e4 talteen! \u2013 Retki Tilkasten-V\u00e4rrin taidekohteisiin ja kantatiloille 15.6.2024<\/a><\/li><li><a href=\"https:\/\/www.tilkasten-varrinsukuseura.fi\/?p=625\">Joulu on nurkan takana &#8211; onko kaikki lahjat jo hankittu?<\/a><\/li><li><a href=\"https:\/\/www.tilkasten-varrinsukuseura.fi\/?p=600\">Tilkasten-V\u00e4rrin sukuseura ry:n kes\u00e4retki Laukon kartanoon 18.6.2022<\/a><\/li><li><a href=\"https:\/\/www.tilkasten-varrinsukuseura.fi\/?p=544\">Tilkasten-V\u00e4rrin sukuseura ry:n varsinainen sukukokous 2021<\/a><\/li><li><a href=\"https:\/\/www.tilkasten-varrinsukuseura.fi\/?p=376\">Hein\u00e4hattu ja Vilttitossu ja \u00e4rh\u00e4kk\u00e4 koululainen -elokuvan ennakkon\u00e4yt\u00f6s<\/a><\/li><li><a href=\"https:\/\/www.tilkasten-varrinsukuseura.fi\/?p=396\">RISTO R\u00c4PP\u00c4\u00c4J\u00c4 JA PULLISTELIJA -elokuvan ennakkon\u00e4yt\u00f6s<\/a><\/li><li><a href=\"https:\/\/www.tilkasten-varrinsukuseura.fi\/?p=403\">Olavi Virta Elokuvan ennakkon\u00e4yt\u00f6s Tilkasten-V\u00e4rrin sukuun kuuluville<\/a><\/li><\/ul>\n<h2>Blogi<\/h2>\n<ul class=\"lcp_catlist\" id=\"lcp_instance_0\"><li><a href=\"https:\/\/www.tilkasten-varrinsukuseura.fi\/?p=669\">Ota p\u00e4iv\u00e4m\u00e4\u00e4r\u00e4 talteen! \u2013 Retki Tilkasten-V\u00e4rrin taidekohteisiin ja kantatiloille 15.6.2024<\/a><\/li><li><a href=\"https:\/\/www.tilkasten-varrinsukuseura.fi\/?p=614\">Ajan j\u00e4tt\u00e4m\u00e4 Jalmari \u2013 el\u00e4m\u00e4\u00e4 ja sotaa rintamailla<\/a><\/li><li><a href=\"https:\/\/www.tilkasten-varrinsukuseura.fi\/?p=608\">Vanhusten yhteisty\u00f6ll\u00e4 uusi upea el\u00e4m\u00e4kertateos Nuori Aaro<\/a><\/li><li><a href=\"https:\/\/www.tilkasten-varrinsukuseura.fi\/?p=593\">Leikkimisen t\u00e4rkeydest\u00e4<\/a><\/li><li><a href=\"https:\/\/www.tilkasten-varrinsukuseura.fi\/?p=565\">MARJATTA V\u00c4\u00c4N\u00c4NEN, SIELULTAAN KOSKELAINEN<\/a><\/li><li><a href=\"https:\/\/www.tilkasten-varrinsukuseura.fi\/?p=485\">Esittelyss\u00e4 seuran nykyinen puheenjohtaja v. 2019 l\u00e4htien<\/a><\/li><li><a href=\"https:\/\/www.tilkasten-varrinsukuseura.fi\/?p=421\">Kotiseutuneuvos Katri Hellaakoski 95-v. sunnuntaina 8.3.2020<\/a><\/li><li><a href=\"https:\/\/www.tilkasten-varrinsukuseura.fi\/?p=215\">Tilkaset ja V\u00e4rrit &#8211; sukujen ja sukuseuran juurista &#8211; Kirsti Kes\u00e4l\u00e4-Lundahl<\/a><\/li><\/ul>\n<div class=\"SomeIcons\"><img decoding=\"async\" src=\"wp-content\/uploads\/2019\/11\/icon-fb.png\" alt=\"\" \/> <a href=\"https:\/\/www.instagram.com\/tilkastenvarrinss\"><img decoding=\"async\" src=\"wp-content\/uploads\/2019\/11\/icon-instagram.png\" alt=\"\" \/><\/a><\/div>\n<p>L\u00f6yd\u00e4t meid\u00e4t my\u00f6s Facebookista ja instagramista. Facebook-ryhm\u00e4mme on yksityinen, voit pyyt\u00e4\u00e4 p\u00e4\u00e4sy\u00e4 sinne vaikkapa yhteydenottolomakkeellamme.<\/p>\n<\/div>\n<\/div><\/div><\/div><\/div><\/div><\/div><\/div>\n\n\n<!-- AddThis Advanced Settings generic via filter on the_content --><!-- AddThis Share Buttons generic via filter on the_content -->","protected":false},"excerpt":{"rendered":"<p><!-- AddThis Advanced Settings generic via filter on get_the_excerpt --><!-- AddThis Share Buttons generic via filter on get_the_excerpt --><\/p>\n","protected":false},"author":1,"featured_media":0,"parent":0,"menu_order":0,"comment_status":"closed","ping_status":"closed","template":"","meta":{"footnotes":""},"class_list":["post-7","page","type-page","status-publish","hentry"],"_links":{"self":[{"href":"https:\/\/www.tilkasten-varrinsukuseura.fi\/index.php?rest_route=\/wp\/v2\/pages\/7","targetHints":{"allow":["GET"]}}],"collection":[{"href":"https:\/\/www.tilkasten-varrinsukuseura.fi\/index.php?rest_route=\/wp\/v2\/pages"}],"about":[{"href":"https:\/\/www.tilkasten-varrinsukuseura.fi\/index.php?rest_route=\/wp\/v2\/types\/page"}],"author":[{"embeddable":true,"href":"https:\/\/www.tilkasten-varrinsukuseura.fi\/index.php?rest_route=\/wp\/v2\/users\/1"}],"replies":[{"embeddable":true,"href":"https:\/\/www.tilkasten-varrinsukuseura.fi\/index.php?rest_route=%2Fwp%2Fv2%2Fcomments&post=7"}],"version-history":[{"count":111,"href":"https:\/\/www.tilkasten-varrinsukuseura.fi\/index.php?rest_route=\/wp\/v2\/pages\/7\/revisions"}],"predecessor-version":[{"id":658,"href":"https:\/\/www.tilkasten-varrinsukuseura.fi\/index.php?rest_route=\/wp\/v2\/pages\/7\/revisions\/658"}],"wp:attachment":[{"href":"https:\/\/www.tilkasten-varrinsukuseura.fi\/index.php?rest_route=%2Fwp%2Fv2%2Fmedia&parent=7"}],"curies":[{"name":"wp","href":"https:\/\/api.w.org\/{rel}","templated":true}]}}